{"id":11,"date":"2024-10-25T03:25:08","date_gmt":"2024-10-25T03:25:08","guid":{"rendered":"https:\/\/doshaciendas.com\/?page_id=11"},"modified":"2026-01-20T03:46:46","modified_gmt":"2026-01-20T03:46:46","slug":"home","status":"publish","type":"page","link":"https:\/\/doshaciendas.com\/es_mx\/","title":{"rendered":"Home"},"content":{"rendered":"<p>[et_pb_section fb_built=&#8221;1&#8243; _builder_version=&#8221;4.27.5&#8243; _module_preset=&#8221;default&#8221; background_enable_color=&#8221;off&#8221; use_background_color_gradient=&#8221;on&#8221; background_color_gradient_direction=&#8221;360deg&#8221; background_color_gradient_stops=&#8221;#000000 0%|rgba(255,255,255,0) 91%&#8221; background_color_gradient_overlays_image=&#8221;on&#8221; background_image=&#8221;https:\/\/doshaciendas.com\/wp-content\/uploads\/2026\/01\/cover2.jpg&#8221; custom_padding=&#8221;100px||160px||false|false&#8221; hover_enabled=&#8221;0&#8243; global_colors_info=&#8221;{}&#8221; custom_padding_last_edited=&#8221;on|tablet&#8221; custom_padding_tablet=&#8221;100px||100px||false|false&#8221; sticky_enabled=&#8221;0&#8243; custom_padding_phone=&#8221;50px||35px||false|false&#8221;][et_pb_row _builder_version=&#8221;4.27.5&#8243; _module_preset=&#8221;default&#8221; global_colors_info=&#8221;{}&#8221;][et_pb_column type=&#8221;4_4&#8243; _builder_version=&#8221;4.27.5&#8243; _module_preset=&#8221;default&#8221; global_colors_info=&#8221;{}&#8221;][et_pb_image src=&#8221;https:\/\/doshaciendas.com\/wp-content\/uploads\/2026\/01\/logoFull_DosHaciendas.png&#8221; title_text=&#8221;logoFull_DosHaciendas&#8221; _builder_version=&#8221;4.27.5&#8243; _module_preset=&#8221;default&#8221; width=&#8221;35%&#8221; module_alignment=&#8221;center&#8221; hover_enabled=&#8221;0&#8243; global_colors_info=&#8221;{}&#8221; width_last_edited=&#8221;on|tablet&#8221; width_tablet=&#8221;60%&#8221; sticky_enabled=&#8221;0&#8243; width_phone=&#8221;70%&#8221;][\/et_pb_image][\/et_pb_column][\/et_pb_row][\/et_pb_section][et_pb_section fb_built=&#8221;1&#8243; _builder_version=&#8221;4.27.5&#8243; _module_preset=&#8221;default&#8221; background_color=&#8221;#000000&#8243; custom_padding=&#8221;0px||0px||false|false&#8221; global_colors_info=&#8221;{}&#8221;][et_pb_row _builder_version=&#8221;4.27.5&#8243; _module_preset=&#8221;default&#8221; hover_enabled=&#8221;0&#8243; global_colors_info=&#8221;{}&#8221; custom_padding_last_edited=&#8221;on|tablet&#8221; custom_padding_tablet=&#8221;0px||||false|false&#8221; sticky_enabled=&#8221;0&#8243; custom_padding_phone=&#8221;0px||||false|false&#8221;][et_pb_column type=&#8221;4_4&#8243; _builder_version=&#8221;4.27.5&#8243; _module_preset=&#8221;default&#8221; global_colors_info=&#8221;{}&#8221;][et_pb_slider _builder_version=&#8221;4.27.5&#8243; _module_preset=&#8221;default&#8221; custom_padding=&#8221;70px||80px||false|false&#8221; hover_enabled=&#8221;0&#8243; global_colors_info=&#8221;{}&#8221; custom_padding_last_edited=&#8221;on|tablet&#8221; custom_padding_tablet=&#8221;25px||80px||false|false&#8221; sticky_enabled=&#8221;0&#8243; custom_padding_phone=&#8221;0px||||false|false&#8221;][et_pb_slide heading=&#8221;porque existimos&#8230;&#8221; _builder_version=&#8221;4.27.5&#8243; _module_preset=&#8221;default&#8221; header_font=&#8221;Almendra||||||||&#8221; body_font=&#8221;Almendra||||||||&#8221; body_letter_spacing=&#8221;0.5px&#8221; body_line_height=&#8221;1.3em&#8221; background_enable_color=&#8221;off&#8221; text_orientation=&#8221;center&#8221; global_colors_info=&#8221;{}&#8221; sticky_transition=&#8221;on&#8221;]<\/p>\n<p style=\"font-weight: 400;\"><span>Dos Haciendas nace de la necesidad de ofrecer un DESTILADO novedoso y de calidad, donde no solo importe la apariencia si no el sabor exquisito del producto, con el que se pueda dar gusto a los paladares m\u00e1s exigentes y les permita apreciar los aromas y sabores originales de anta\u00f1o.<\/span><\/p>\n<p>[\/et_pb_slide][et_pb_slide heading=&#8221;hacia donde vamos&#8230;&#8221; _builder_version=&#8221;4.27.5&#8243; _module_preset=&#8221;default&#8221; header_font=&#8221;Almendra||||||||&#8221; body_font=&#8221;Almendra||||||||&#8221; body_letter_spacing=&#8221;0.5px&#8221; body_line_height=&#8221;1.3em&#8221; background_enable_color=&#8221;off&#8221; global_colors_info=&#8221;{}&#8221; sticky_transition=&#8221;on&#8221;]<\/p>\n<p style=\"font-weight: 400;\"><span>A ser una marca de impacto nacional e internacional reconocida por altos est\u00e1ndares de calidad y excelencia. Ser la elecci\u00f3n principal de los consumidores, no solo se trata de tomar un DESTILADO sofisticado; prevalece en nosotros la convicci\u00f3n de que cualquier persona que tenga en sus manos un producto &#8220;Dos Haciendas&#8221; pueda disfrutar de su aroma y sabor exquisito, experimentando sensaciones inigualables. <\/span><\/p>\n<p>[\/et_pb_slide][et_pb_slide heading=&#8221;lo que nos define&#8230;&#8221; _builder_version=&#8221;4.27.5&#8243; _module_preset=&#8221;default&#8221; header_font=&#8221;Almendra||||||||&#8221; body_font=&#8221;Almendra||||||||&#8221; body_letter_spacing=&#8221;0.5px&#8221; body_line_height=&#8221;1.3em&#8221; background_enable_color=&#8221;off&#8221; body_font_tablet=&#8221;Almendra||||||||&#8221; body_font_phone=&#8221;Almendra||||||||&#8221; body_font_last_edited=&#8221;on|desktop&#8221; global_colors_info=&#8221;{}&#8221; sticky_transition=&#8221;on&#8221;]<\/p>\n<p style=\"font-weight: 400;\"><span>El trabajo en equipo es muy importante, y cada uno de los involucrados que participan en el proceso y la delicada elaboraci\u00f3n son el pilar de la creatividad e innovaci\u00f3n de sus productos.\u00a0<\/span><\/p>\n<p style=\"font-weight: 400;\"><span>Honestidad es otro de nuestros pilares principales y representa el \u00e9xito de nuestra marca.<\/span><\/p>\n<p style=\"font-weight: 400;\">[\/et_pb_slide][\/et_pb_slider][\/et_pb_column][\/et_pb_row][\/et_pb_section][et_pb_section fb_built=&#8221;1&#8243; prev_background_color=&#8221;#000000&#8243; next_background_color=&#8221;#0a0a0a&#8221; _builder_version=&#8221;4.27.5&#8243; _module_preset=&#8221;default&#8221; background_color=&#8221;#FFFFFF&#8221; background_image=&#8221;https:\/\/doshaciendas.com\/wp-content\/uploads\/2026\/01\/texture-scaled.jpg&#8221; custom_padding=&#8221;25px||25px||false|false&#8221; top_divider_style=&#8221;wave&#8221; top_divider_height=&#8221;30px&#8221; bottom_divider_style=&#8221;wave&#8221; bottom_divider_height=&#8221;30px&#8221; global_colors_info=&#8221;{}&#8221;][et_pb_row column_structure=&#8221;1_3,2_3&#8243; _builder_version=&#8221;4.27.5&#8243; _module_preset=&#8221;default&#8221; global_colors_info=&#8221;{}&#8221;][et_pb_column type=&#8221;1_3&#8243; _builder_version=&#8221;4.27.5&#8243; _module_preset=&#8221;default&#8221; global_colors_info=&#8221;{}&#8221;][et_pb_image src=&#8221;https:\/\/doshaciendas.com\/wp-content\/uploads\/2026\/01\/raicilla_plata.png&#8221; title_text=&#8221;raicilla_plata&#8221; align=&#8221;center&#8221; _builder_version=&#8221;4.27.5&#8243; _module_preset=&#8221;default&#8221; width=&#8221;80%&#8221; hover_enabled=&#8221;0&#8243; global_colors_info=&#8221;{}&#8221; width_last_edited=&#8221;on|tablet&#8221; width_tablet=&#8221;65%&#8221; sticky_enabled=&#8221;0&#8243; width_phone=&#8221;65%&#8221;][\/et_pb_image][\/et_pb_column][et_pb_column type=&#8221;2_3&#8243; _builder_version=&#8221;4.27.5&#8243; _module_preset=&#8221;default&#8221; global_colors_info=&#8221;{}&#8221;][et_pb_text _builder_version=&#8221;4.27.5&#8243; _module_preset=&#8221;default&#8221; header_2_font=&#8221;Almendra|700|||||||&#8221; header_2_text_align=&#8221;center&#8221; header_2_font_size=&#8221;30px&#8221; custom_margin=&#8221;35px||||false|false&#8221; global_colors_info=&#8221;{}&#8221;]<\/p>\n<h2>expresi\u00f3n y perfil sensorial<\/h2>\n<p>[\/et_pb_text][et_pb_text _builder_version=&#8221;4.27.5&#8243; _module_preset=&#8221;default&#8221; text_font=&#8221;Akshar|500|||||||&#8221; text_text_color=&#8221;#1c1c1c&#8221; text_font_size=&#8221;18px&#8221; text_letter_spacing=&#8221;0.3px&#8221; text_line_height=&#8221;1.3em&#8221; text_orientation=&#8221;center&#8221; global_colors_info=&#8221;{}&#8221;]<\/p>\n<p><strong>PLATA<\/strong><\/p>\n<p><span>Destilado Blanco de car\u00e1cter limpio y bien definido, con una expresi\u00f3n arom\u00e1tica n\u00edtida que revela notas frescas, herbales y minerales, propias de su origen y materia prima. <\/span><\/p>\n<p><span>Al olfato se muestra franco y equilibrado, anticipando una experiencia sensorial precisa. <\/span><\/p>\n<p><span>Al gusto ofrece una entrada suave, cuerpo medio y una textura sedosa, con un desarrollo arm\u00f3nico que mantiene la pureza del sabor y una persistencia agradable y limpia. <\/span><\/p>\n<p><span>Elaborado a partir de t\u00e9cnicas ancestrales cuidadosamente preservadas e integradas con m\u00e9todos modernos de control y estandarizaci\u00f3n, este destilado busca una homogeneidad constante, respetando la tradici\u00f3n sin renunciar a la precisi\u00f3n contempor\u00e1nea en cada lote.<\/span><\/p>\n<p>[\/et_pb_text][\/et_pb_column][\/et_pb_row][\/et_pb_section][et_pb_section fb_built=&#8221;1&#8243; _builder_version=&#8221;4.27.5&#8243; _module_preset=&#8221;default&#8221; background_color=&#8221;#0a0a0a&#8221; custom_padding=&#8221;15px||0px||false|false&#8221; global_colors_info=&#8221;{}&#8221;][et_pb_row column_structure=&#8221;2_5,3_5&#8243; _builder_version=&#8221;4.27.5&#8243; _module_preset=&#8221;default&#8221; global_colors_info=&#8221;{}&#8221;][et_pb_column type=&#8221;2_5&#8243; _builder_version=&#8221;4.27.5&#8243; _module_preset=&#8221;default&#8221; global_colors_info=&#8221;{}&#8221;][et_pb_image src=&#8221;https:\/\/doshaciendas.com\/wp-content\/uploads\/2026\/01\/logoFull_DosHaciendas.png&#8221; title_text=&#8221;logoFull_DosHaciendas&#8221; show_bottom_space=&#8221;off&#8221; align=&#8221;center&#8221; _builder_version=&#8221;4.27.5&#8243; _module_preset=&#8221;default&#8221; width=&#8221;25%&#8221; custom_margin=&#8221;35px||10px||false|false&#8221; hover_enabled=&#8221;0&#8243; global_colors_info=&#8221;{}&#8221; module_alignment=&#8221;center&#8221; width_last_edited=&#8221;on|tablet&#8221; width_tablet=&#8221;30%&#8221; sticky_enabled=&#8221;0&#8243; width_phone=&#8221;30%&#8221;][\/et_pb_image][et_pb_text _builder_version=&#8221;4.27.5&#8243; _module_preset=&#8221;default&#8221; header_3_font=&#8221;Almendra||||||||&#8221; header_3_text_color=&#8221;#FFFFFF&#8221; header_3_font_size=&#8221;24px&#8221; global_colors_info=&#8221;{}&#8221;]<\/p>\n<h3 style=\"text-align: center;\">Bienvenido a Dos Haciendas Raicilla<\/h3>\n<p>[\/et_pb_text][et_pb_text _builder_version=&#8221;4.27.5&#8243; _module_preset=&#8221;default&#8221; text_font=&#8221;Akshar||||||||&#8221; text_text_color=&#8221;#FFFFFF&#8221; text_line_height=&#8221;0.5em&#8221; custom_margin=&#8221;0px||0px||false|false&#8221; custom_padding=&#8221;0px||0px||false|false&#8221; global_colors_info=&#8221;{}&#8221;]<\/p>\n<p style=\"text-align: center;\">Camino Antiguo a Casa Blanca S\/N<\/p>\n<p style=\"text-align: center;\">C.P. 48050, Ayutla, Jalisco Mexico<\/p>\n<p>&nbsp;<\/p>\n<p>&nbsp;<\/p>\n<p>[\/et_pb_text][et_pb_text _builder_version=&#8221;4.27.5&#8243; _module_preset=&#8221;default&#8221; text_font=&#8221;Almendra||||||||&#8221; text_text_color=&#8221;#FFFFFF&#8221; text_font_size=&#8221;16px&#8221; global_colors_info=&#8221;{}&#8221;]<\/p>\n<p style=\"text-align: center;\">Aqui comienza tu visita.<\/p>\n<p>[\/et_pb_text][\/et_pb_column][et_pb_column type=&#8221;3_5&#8243; _builder_version=&#8221;4.27.5&#8243; _module_preset=&#8221;default&#8221; global_colors_info=&#8221;{}&#8221;][et_pb_code _builder_version=&#8221;4.27.5&#8243; _module_preset=&#8221;default&#8221; hover_enabled=&#8221;0&#8243; global_colors_info=&#8221;{}&#8221; module_alignment=&#8221;center&#8221; module_alignment_last_edited=&#8221;on|tablet&#8221; module_alignment_tablet=&#8221;center&#8221; width_last_edited=&#8221;on|tablet&#8221; width_tablet=&#8221;95%&#8221; sticky_enabled=&#8221;0&#8243; custom_margin_last_edited=&#8221;on|tablet&#8221; custom_margin_tablet=&#8221;|||0px|false|false&#8221; custom_padding_last_edited=&#8221;on|tablet&#8221; custom_padding_tablet=&#8221;|||0px|false|false&#8221; text_orientation=&#8221;center&#8221; module_alignment_phone=&#8221;center&#8221; width_phone=&#8221;95%&#8221; custom_margin_phone=&#8221;|||0px|false|false&#8221; custom_padding_phone=&#8221;|||0px|false|false&#8221;]<iframe src=\"https:\/\/www.google.com\/maps\/embed?pb=!1m18!1m12!1m3!1d1822.4171125498888!2d-104.31594470723152!3d20.1165966648233!2m3!1f0!2f0!3f0!3m2!1i1024!2i768!4f13.1!3m3!1m2!1s0x84244b003b671cad%3A0x29a3307275bd224!2sDOS%20HACIENDAS%20RAICILLA!5e1!3m2!1ses!2smx!4v1768853264283!5m2!1ses!2smx\" width=\"600\" height=\"300\" style=\"border:0;\" allowfullscreen=\"\" loading=\"lazy\" referrerpolicy=\"no-referrer-when-downgrade\"><\/iframe>[\/et_pb_code][\/et_pb_column][\/et_pb_row][\/et_pb_section][et_pb_section fb_built=&#8221;1&#8243; _builder_version=&#8221;4.27.5&#8243; _module_preset=&#8221;default&#8221; background_color=&#8221;#000000&#8243; custom_padding=&#8221;20px||0px||false|false&#8221; global_colors_info=&#8221;{}&#8221;][et_pb_row column_structure=&#8221;1_3,1_3,1_3&#8243; _builder_version=&#8221;4.27.5&#8243; _module_preset=&#8221;default&#8221; hover_enabled=&#8221;0&#8243; global_colors_info=&#8221;{}&#8221; custom_padding_last_edited=&#8221;on|tablet&#8221; custom_padding_tablet=&#8221;0px||||false|false&#8221; sticky_enabled=&#8221;0&#8243; custom_padding_phone=&#8221;0px||||false|false&#8221;][et_pb_column type=&#8221;1_3&#8243; _builder_version=&#8221;4.27.2&#8243; _module_preset=&#8221;default&#8221; global_colors_info=&#8221;{}&#8221;][et_pb_text _builder_version=&#8221;4.27.5&#8243; _module_preset=&#8221;default&#8221; header_3_font=&#8221;Almendra|700|||||||&#8221; header_3_text_color=&#8221;#FFFFFF&#8221; header_4_font=&#8221;Almendra||||||||&#8221; header_5_font=&#8221;Akshar||||||||&#8221; header_5_text_color=&#8221;#FFFFFF&#8221; header_5_font_size=&#8221;18px&#8221; global_colors_info=&#8221;{}&#8221;]<\/p>\n<h3 style=\"text-align: center;\">Atenci\u00f3n y Visitas Guiadas<\/h3>\n<h5 style=\"text-align: center;\"><img loading=\"lazy\" decoding=\"async\" src=\"https:\/\/doshaciendas.com\/wp-content\/uploads\/2026\/01\/whatsapp-300x300.png\" width=\"14\" height=\"14\" alt=\"\" class=\"wp-image-235 alignnone size-medium\" \/>\u00a0 +52 33 2850 6489<\/h5>\n<h5 style=\"text-align: center;\"><img loading=\"lazy\" decoding=\"async\" src=\"https:\/\/doshaciendas.com\/wp-content\/uploads\/2026\/01\/mail-300x240.png\" width=\"18\" height=\"14\" alt=\"\" class=\"wp-image-238 alignnone size-medium\" \/>\u00a0 gerencia@doshaciendas.com<\/h5>\n<p>[\/et_pb_text][\/et_pb_column][et_pb_column type=&#8221;1_3&#8243; _builder_version=&#8221;4.27.2&#8243; _module_preset=&#8221;default&#8221; global_colors_info=&#8221;{}&#8221;][et_pb_social_media_follow _builder_version=&#8221;4.27.5&#8243; _module_preset=&#8221;default&#8221; text_orientation=&#8221;center&#8221; global_colors_info=&#8221;{}&#8221;][et_pb_social_media_follow_network social_network=&#8221;facebook&#8221; url=&#8221;https:\/\/www.facebook.com\/people\/Dos-Haciendas\/61575809777927\/&#8221; _builder_version=&#8221;4.27.5&#8243; _module_preset=&#8221;default&#8221; global_colors_info=&#8221;{}&#8221; follow_button=&#8221;off&#8221; url_new_window=&#8221;on&#8221;]facebook[\/et_pb_social_media_follow_network][et_pb_social_media_follow_network social_network=&#8221;instagram&#8221; url=&#8221;https:\/\/www.instagram.com\/doshaciendas?igsh=aHNjMWYydG16azk%3D&#8221; _builder_version=&#8221;4.27.5&#8243; _module_preset=&#8221;default&#8221; background_enable_color=&#8221;off&#8221; global_colors_info=&#8221;{}&#8221; follow_button=&#8221;off&#8221; url_new_window=&#8221;on&#8221;]instagram[\/et_pb_social_media_follow_network][et_pb_social_media_follow_network social_network=&#8221;tiktok&#8221; url=&#8221;https:\/\/www.tiktok.com\/@doshaciendas?_r=1&#038;_t=ZS-93DLNul6La4&#8243; _builder_version=&#8221;4.27.5&#8243; _module_preset=&#8221;default&#8221; background_enable_color=&#8221;off&#8221; global_colors_info=&#8221;{}&#8221; follow_button=&#8221;off&#8221; url_new_window=&#8221;on&#8221;]tiktok[\/et_pb_social_media_follow_network][et_pb_social_media_follow_network social_network=&#8221;whatsapp&#8221; url=&#8221;https:\/\/wa.link\/4kvmsn&#8221; _builder_version=&#8221;4.27.5&#8243; _module_preset=&#8221;default&#8221; background_enable_color=&#8221;off&#8221; global_colors_info=&#8221;{}&#8221; follow_button=&#8221;off&#8221; url_new_window=&#8221;on&#8221;]whatsapp[\/et_pb_social_media_follow_network][\/et_pb_social_media_follow][\/et_pb_column][et_pb_column type=&#8221;1_3&#8243; _builder_version=&#8221;4.27.5&#8243; _module_preset=&#8221;default&#8221; global_colors_info=&#8221;{}&#8221;][et_pb_text _builder_version=&#8221;4.27.5&#8243; _module_preset=&#8221;default&#8221; text_font=&#8221;Akshar||||||||&#8221; text_text_color=&#8221;#FFFFFF&#8221; text_letter_spacing=&#8221;0.5px&#8221; text_line_height=&#8221;1.1em&#8221; custom_margin=&#8221;-10px||||false|false&#8221; custom_padding=&#8221;0px||||false|false&#8221; global_colors_info=&#8221;{}&#8221;]<\/p>\n<p style=\"text-align: center;\"><img loading=\"lazy\" decoding=\"async\" src=\"https:\/\/doshaciendas.com\/wp-content\/uploads\/2026\/01\/no-alcohol-1-300x300.png\" width=\"33\" height=\"33\" alt=\"\" class=\"wp-image-234 alignnone size-medium\" \/><\/p>\n<p style=\"text-align: center;\"><span>El consumo de bebidas alcoh\u00f3licas es exclusivo para mayores de edad. <\/span><span>H\u00e1galo con responsabilidad.\u00a0<\/span><\/p>\n<p>[\/et_pb_text][\/et_pb_column][\/et_pb_row][\/et_pb_section]<\/p>\n","protected":false},"excerpt":{"rendered":"<p>Dos Haciendas nace de la necesidad de ofrecer un DESTILADO novedoso y de calidad, donde no solo importe la apariencia si no el sabor exquisito del producto, con el que se pueda dar gusto a los paladares m\u00e1s exigentes y les permita apreciar los aromas y sabores originales de anta\u00f1o.A ser una marca de impacto [&hellip;]<\/p>\n","protected":false},"author":2,"featured_media":0,"parent":0,"menu_order":0,"comment_status":"closed","ping_status":"closed","template":"","meta":{"_et_pb_use_builder":"on","_et_pb_old_content":"","_et_gb_content_width":"","footnotes":""},"class_list":["post-11","page","type-page","status-publish","hentry"],"_links":{"self":[{"href":"https:\/\/doshaciendas.com\/es_mx\/wp-json\/wp\/v2\/pages\/11","targetHints":{"allow":["GET"]}}],"collection":[{"href":"https:\/\/doshaciendas.com\/es_mx\/wp-json\/wp\/v2\/pages"}],"about":[{"href":"https:\/\/doshaciendas.com\/es_mx\/wp-json\/wp\/v2\/types\/page"}],"author":[{"embeddable":true,"href":"https:\/\/doshaciendas.com\/es_mx\/wp-json\/wp\/v2\/users\/2"}],"replies":[{"embeddable":true,"href":"https:\/\/doshaciendas.com\/es_mx\/wp-json\/wp\/v2\/comments?post=11"}],"version-history":[{"count":99,"href":"https:\/\/doshaciendas.com\/es_mx\/wp-json\/wp\/v2\/pages\/11\/revisions"}],"predecessor-version":[{"id":338,"href":"https:\/\/doshaciendas.com\/es_mx\/wp-json\/wp\/v2\/pages\/11\/revisions\/338"}],"wp:attachment":[{"href":"https:\/\/doshaciendas.com\/es_mx\/wp-json\/wp\/v2\/media?parent=11"}],"curies":[{"name":"wp","href":"https:\/\/api.w.org\/{rel}","templated":true}]}}